{"id":45,"date":"2014-09-12T07:49:08","date_gmt":"2014-09-12T07:49:08","guid":{"rendered":"https:\/\/elsninots.llissadevall.cat\/?page_id=45"},"modified":"2021-10-25T10:34:07","modified_gmt":"2021-10-25T10:34:07","slug":"organs-col%c2%b7legiats","status":"publish","type":"page","link":"https:\/\/elsninots.llissadevall.cat\/?page_id=45","title":{"rendered":"\u00d2RGANS DE PARTICIPACI\u00d3"},"content":{"rendered":"<p><strong>Consell Escolar<\/strong><\/p>\n<p>L\u2019\u00f2rgan de participaci\u00f3 de la comunitat educativa en els centres p\u00fablics d\u2019educaci\u00f3 infantil de primer cicle \u00e9s el consell escolar. Est\u00e0 constitu\u00eft per representants dels diferents sectors: Ajuntament, direcci\u00f3, mestres, educadores, pares i AMPA.<\/p>\n<p>Les funcions del consell s\u00f3n, principalment, les de vetllar pel bon funcionament del centre, promoure la conservaci\u00f3 i renovaci\u00f3 de les instal\u00b7lacions, recolzar l\u2019equip pedag\u00f2gic, l\u2019aprovaci\u00f3 del Pla Anual, les Normes de Funcionament i altres documents del centre, garantir el lligam entre la representaci\u00f3 de les fam\u00edlies al Consell i la resta de fam\u00edlies de l\u2019escola, participar en el Consell Escolar Municipal.<\/p>\n<p>&nbsp;<\/p>\n","protected":false},"excerpt":{"rendered":"<p>Consell Escolar L\u2019\u00f2rgan de participaci\u00f3 de la comunitat educativa en els centres p\u00fablics d\u2019educaci\u00f3 infantil de primer cicle \u00e9s el consell escolar. Est\u00e0 constitu\u00eft per representants dels diferents sectors: Ajuntament, direcci\u00f3, mestres, educadores, pares i AMPA. Les funcions del consell s\u00f3n, principalment, les de vetllar pel bon funcionament del centre, promoure la conservaci\u00f3 i renovaci\u00f3 [&hellip;]<\/p>\n","protected":false},"author":1,"featured_media":0,"parent":0,"menu_order":0,"comment_status":"closed","ping_status":"closed","template":"","meta":{"ngg_post_thumbnail":0,"footnotes":""},"class_list":["post-45","page","type-page","status-publish","hentry"],"_links":{"self":[{"href":"https:\/\/elsninots.llissadevall.cat\/index.php?rest_route=\/wp\/v2\/pages\/45","targetHints":{"allow":["GET"]}}],"collection":[{"href":"https:\/\/elsninots.llissadevall.cat\/index.php?rest_route=\/wp\/v2\/pages"}],"about":[{"href":"https:\/\/elsninots.llissadevall.cat\/index.php?rest_route=\/wp\/v2\/types\/page"}],"author":[{"embeddable":true,"href":"https:\/\/elsninots.llissadevall.cat\/index.php?rest_route=\/wp\/v2\/users\/1"}],"replies":[{"embeddable":true,"href":"https:\/\/elsninots.llissadevall.cat\/index.php?rest_route=%2Fwp%2Fv2%2Fcomments&post=45"}],"version-history":[{"count":10,"href":"https:\/\/elsninots.llissadevall.cat\/index.php?rest_route=\/wp\/v2\/pages\/45\/revisions"}],"predecessor-version":[{"id":51467,"href":"https:\/\/elsninots.llissadevall.cat\/index.php?rest_route=\/wp\/v2\/pages\/45\/revisions\/51467"}],"wp:attachment":[{"href":"https:\/\/elsninots.llissadevall.cat\/index.php?rest_route=%2Fwp%2Fv2%2Fmedia&parent=45"}],"curies":[{"name":"wp","href":"https:\/\/api.w.org\/{rel}","templated":true}]}}